{"id":132,"date":"2025-01-28T16:49:44","date_gmt":"2025-01-28T16:49:44","guid":{"rendered":"https:\/\/tecnologikos.es\/web\/?page_id=132"},"modified":"2025-05-13T09:57:24","modified_gmt":"2025-05-13T09:57:24","slug":"proyectos","status":"publish","type":"page","link":"https:\/\/tecnologikos.es\/web\/proyectos\/","title":{"rendered":"Proyectos"},"content":{"rendered":"\t\t<div data-elementor-type=\"wp-page\" data-elementor-id=\"132\" class=\"elementor elementor-132\" data-elementor-post-type=\"page\">\n\t\t\t\t<div class=\"elementor-element elementor-element-76ec35e e-con-full e-flex e-con e-parent\" data-id=\"76ec35e\" data-element_type=\"container\" data-e-type=\"container\" data-settings=\"{&quot;background_background&quot;:&quot;classic&quot;,&quot;shape_divider_bottom&quot;:&quot;wave-brush&quot;}\">\n\t\t\t\t<div class=\"elementor-shape elementor-shape-bottom\" aria-hidden=\"true\" data-negative=\"false\">\n\t\t\t<svg xmlns=\"http:\/\/www.w3.org\/2000\/svg\" viewBox=\"0 0 283.5 27.8\" preserveAspectRatio=\"none\">\n\t<path class=\"elementor-shape-fill\" d=\"M283.5,9.7c0,0-7.3,4.3-14,4.6c-6.8,0.3-12.6,0-20.9-1.5c-11.3-2-33.1-10.1-44.7-5.7\ts-12.1,4.6-18,7.4c-6.6,3.2-20,9.6-36.6,9.3C131.6,23.5,99.5,7.2,86.3,8c-1.4,0.1-6.6,0.8-10.5,2c-3.8,1.2-9.4,3.8-17,4.7\tc-3.2,0.4-8.3,1.1-14.2,0.9c-1.5-0.1-6.3-0.4-12-1.6c-5.7-1.2-11-3.1-15.8-3.7C6.5,9.2,0,10.8,0,10.8V0h283.5V9.7z M260.8,11.3\tc-0.7-1-2-0.4-4.3-0.4c-2.3,0-6.1-1.2-5.8-1.1c0.3,0.1,3.1,1.5,6,1.9C259.7,12.2,261.4,12.3,260.8,11.3z M242.4,8.6\tc0,0-2.4-0.2-5.6-0.9c-3.2-0.8-10.3-2.8-15.1-3.5c-8.2-1.1-15.8,0-15.1,0.1c0.8,0.1,9.6-0.6,17.6,1.1c3.3,0.7,9.3,2.2,12.4,2.7\tC239.9,8.7,242.4,8.6,242.4,8.6z M185.2,8.5c1.7-0.7-13.3,4.7-18.5,6.1c-2.1,0.6-6.2,1.6-10,2c-3.9,0.4-8.9,0.4-8.8,0.5\tc0,0.2,5.8,0.8,11.2,0c5.4-0.8,5.2-1.1,7.6-1.6C170.5,14.7,183.5,9.2,185.2,8.5z M199.1,6.9c0.2,0-0.8-0.4-4.8,1.1\tc-4,1.5-6.7,3.5-6.9,3.7c-0.2,0.1,3.5-1.8,6.6-3C197,7.5,199,6.9,199.1,6.9z M283,6c-0.1,0.1-1.9,1.1-4.8,2.5s-6.9,2.8-6.7,2.7\tc0.2,0,3.5-0.6,7.4-2.5C282.8,6.8,283.1,5.9,283,6z M31.3,11.6c0.1-0.2-1.9-0.2-4.5-1.2s-5.4-1.6-7.8-2C15,7.6,7.3,8.5,7.7,8.6\tC8,8.7,15.9,8.3,20.2,9.3c2.2,0.5,2.4,0.5,5.7,1.6S31.2,11.9,31.3,11.6z M73,9.2c0.4-0.1,3.5-1.6,8.4-2.6c4.9-1.1,8.9-0.5,8.9-0.8\tc0-0.3-1-0.9-6.2-0.3S72.6,9.3,73,9.2z M71.6,6.7C71.8,6.8,75,5.4,77.3,5c2.3-0.3,1.9-0.5,1.9-0.6c0-0.1-1.1-0.2-2.7,0.2\tC74.8,5.1,71.4,6.6,71.6,6.7z M93.6,4.4c0.1,0.2,3.5,0.8,5.6,1.8c2.1,1,1.8,0.6,1.9,0.5c0.1-0.1-0.8-0.8-2.4-1.3\tC97.1,4.8,93.5,4.2,93.6,4.4z M65.4,11.1c-0.1,0.3,0.3,0.5,1.9-0.2s2.6-1.3,2.2-1.2s-0.9,0.4-2.5,0.8C65.3,10.9,65.5,10.8,65.4,11.1\tz M34.5,12.4c-0.2,0,2.1,0.8,3.3,0.9c1.2,0.1,2,0.1,2-0.2c0-0.3-0.1-0.5-1.6-0.4C36.6,12.8,34.7,12.4,34.5,12.4z M152.2,21.1\tc-0.1,0.1-2.4-0.3-7.5-0.3c-5,0-13.6-2.4-17.2-3.5c-3.6-1.1,10,3.9,16.5,4.1C150.5,21.6,152.3,21,152.2,21.1z\"\/>\n\t<path class=\"elementor-shape-fill\" d=\"M269.6,18c-0.1-0.1-4.6,0.3-7.2,0c-7.3-0.7-17-3.2-16.6-2.9c0.4,0.3,13.7,3.1,17,3.3\tC267.7,18.8,269.7,18,269.6,18z\"\/>\n\t<path class=\"elementor-shape-fill\" d=\"M227.4,9.8c-0.2-0.1-4.5-1-9.5-1.2c-5-0.2-12.7,0.6-12.3,0.5c0.3-0.1,5.9-1.8,13.3-1.2\tS227.6,9.9,227.4,9.8z\"\/>\n\t<path class=\"elementor-shape-fill\" d=\"M204.5,13.4c-0.1-0.1,2-1,3.2-1.1c1.2-0.1,2,0,2,0.3c0,0.3-0.1,0.5-1.6,0.4\tC206.4,12.9,204.6,13.5,204.5,13.4z\"\/>\n\t<path class=\"elementor-shape-fill\" d=\"M201,10.6c0-0.1-4.4,1.2-6.3,2.2c-1.9,0.9-6.2,3.1-6.1,3.1c0.1,0.1,4.2-1.6,6.3-2.6\tS201,10.7,201,10.6z\"\/>\n\t<path class=\"elementor-shape-fill\" d=\"M154.5,26.7c-0.1-0.1-4.6,0.3-7.2,0c-7.3-0.7-17-3.2-16.6-2.9c0.4,0.3,13.7,3.1,17,3.3\tC152.6,27.5,154.6,26.8,154.5,26.7z\"\/>\n\t<path class=\"elementor-shape-fill\" d=\"M41.9,19.3c0,0,1.2-0.3,2.9-0.1c1.7,0.2,5.8,0.9,8.2,0.7c4.2-0.4,7.4-2.7,7-2.6\tc-0.4,0-4.3,2.2-8.6,1.9c-1.8-0.1-5.1-0.5-6.7-0.4S41.9,19.3,41.9,19.3z\"\/>\n\t<path class=\"elementor-shape-fill\" d=\"M75.5,12.6c0.2,0.1,2-0.8,4.3-1.1c2.3-0.2,2.1-0.3,2.1-0.5c0-0.1-1.8-0.4-3.4,0\tC76.9,11.5,75.3,12.5,75.5,12.6z\"\/>\n\t<path class=\"elementor-shape-fill\" d=\"M15.6,13.2c0-0.1,4.3,0,6.7,0.5c2.4,0.5,5,1.9,5,2c0,0.1-2.7-0.8-5.1-1.4\tC19.9,13.7,15.7,13.3,15.6,13.2z\"\/>\n<\/svg>\t\t<\/div>\n\t\t<div class=\"elementor-element elementor-element-78b9f5b e-con-full e-flex e-con e-child\" data-id=\"78b9f5b\" data-element_type=\"container\" data-e-type=\"container\">\n\t\t\t\t<div class=\"elementor-element elementor-element-e95e3dc elementor-widget elementor-widget-heading\" data-id=\"e95e3dc\" data-element_type=\"widget\" data-e-type=\"widget\" data-widget_type=\"heading.default\">\n\t\t\t\t<div class=\"elementor-widget-container\">\n\t\t\t\t\t<h2 class=\"elementor-heading-title elementor-size-default\">Proyectos Realizados<\/h2>\t\t\t\t<\/div>\n\t\t\t\t<\/div>\n\t\t\t\t<\/div>\n\t\t\t\t<\/div>\n\t\t<div class=\"elementor-element elementor-element-c3bd4fe e-con-full e-flex e-con e-parent\" data-id=\"c3bd4fe\" data-element_type=\"container\" data-e-type=\"container\">\n\t\t<div class=\"elementor-element elementor-element-faeb848 e-con-full e-flex e-con e-child\" data-id=\"faeb848\" data-element_type=\"container\" data-e-type=\"container\">\n\t\t\t\t<div class=\"elementor-element elementor-element-134faa5 elementor-widget elementor-widget-heading\" data-id=\"134faa5\" data-element_type=\"widget\" data-e-type=\"widget\" data-widget_type=\"heading.default\">\n\t\t\t\t<div class=\"elementor-widget-container\">\n\t\t\t\t\t<h2 class=\"elementor-heading-title elementor-size-default\">Nuestros<span style=\"color:#347FAC\">  Proyectos<\/h2>\t\t\t\t<\/div>\n\t\t\t\t<\/div>\n\t\t\t\t<div class=\"elementor-element elementor-element-f6669cb elementor-widget elementor-widget-text-editor\" data-id=\"f6669cb\" data-element_type=\"widget\" data-e-type=\"widget\" data-widget_type=\"text-editor.default\">\n\t\t\t\t<div class=\"elementor-widget-container\">\n\t\t\t\t\t\t\t\t\t<p>Descubre algunos de los trabajos que hemos realizado, destacando nuestra experiencia, calidad y compromiso en cada proyecto.<\/p>\t\t\t\t\t\t\t\t<\/div>\n\t\t\t\t<\/div>\n\t\t\t\t<div class=\"elementor-element elementor-element-b9a212a elementor-widget elementor-widget-spacer\" data-id=\"b9a212a\" data-element_type=\"widget\" data-e-type=\"widget\" data-widget_type=\"spacer.default\">\n\t\t\t\t<div class=\"elementor-widget-container\">\n\t\t\t\t\t\t\t<div class=\"elementor-spacer\">\n\t\t\t<div class=\"elementor-spacer-inner\"><\/div>\n\t\t<\/div>\n\t\t\t\t\t\t<\/div>\n\t\t\t\t<\/div>\n\t\t<div class=\"elementor-element elementor-element-468871d e-con-full e-flex e-con e-child\" data-id=\"468871d\" data-element_type=\"container\" data-e-type=\"container\">\n\t\t\t\t<div class=\"elementor-element elementor-element-7f38790 elementor-widget__width-inherit elementor-widget elementor-widget-elpug\" data-id=\"7f38790\" data-element_type=\"widget\" data-e-type=\"widget\" data-widget_type=\"elpug.default\">\n\t\t\t\t<div class=\"elementor-widget-container\">\n\t\t\t\t\t<input id=\"powerfolio_pagination_postsperpage\" type=\"hidden\" value=\"\" \/><div class=\"elpt-portfolio elpt_powerfolio_26463\"><div class=\"elpt-portfolio-filter\"><button class=\"portfolio-filter-item item-active\" data-filter=\"*\" style=\"background-color:\">Todos<\/button><button class=\"portfolio-filter-item\" style=\"background-color:\" data-filter=\".elemenfoliocategory-consultoria\">Consultor\u00eda<\/button><button class=\"portfolio-filter-item\" style=\"background-color:\" data-filter=\".elemenfoliocategory-erp-crm\">ERP y CRM<\/button><button class=\"portfolio-filter-item\" style=\"background-color:\" data-filter=\".elemenfoliocategory-web-2-0\">Web 2.0<\/button><\/div><div class=\"elpt-portfolio-content elpt-portfolio-content-isotope elpt-portfolio-style-box  hover1 elpt-portfolio-columns-3  elpt-portfolio-margin\"><div class=\"portfolio-item-wrapper 745 post-132 page type-page status-publish has-post-thumbnail hentry elemenfoliocategory-web-2-0\"><a href=\"https:\/\/tecnologikos.es\/web\/portfolio\/manchasoft-3\/\" class=\"portfolio-item \" style=\"background-image: url(https:\/\/tecnologikos.es\/web\/wp-content\/uploads\/2025\/02\/manchasoft-img.jpg)\" title=\"Manchasoft\"><img decoding=\"async\" src=\"https:\/\/tecnologikos.es\/web\/wp-content\/uploads\/2025\/02\/manchasoft-img.jpg\" class=\"elpt-main-image\" title=\"Manchasoft\" alt=\"Manchasoft\" \/><div class=\"portfolio-item-infos-wrapper\" style=\"background-color:\"><div class=\"portfolio-item-infos\"><div class=\"portfolio-item-title\"><span class=\"portfolio-item-title-span\">Manchasoft<\/span><\/div><div class=\"portfolio-item-category\"><span class=\"elpt-portfolio-cat\">Web 2.0<\/span><\/div><\/div><\/div><\/a><\/div><\/div><\/div>\t\t\t\t<\/div>\n\t\t\t\t<\/div>\n\t\t\t\t<\/div>\n\t\t\t\t<\/div>\n\t\t\t\t<\/div>\n\t\t\t\t<\/div>\n\t\t","protected":false},"excerpt":{"rendered":"<p>Proyectos Realizados Nuestros Proyectos Descubre algunos de los trabajos que hemos realizado, destacando nuestra experiencia, calidad y compromiso en cada proyecto. TodosConsultor\u00eda TIC y SistemasDise\u00f1o Web &amp; E-CommerceSoftware de Gesti\u00f3n ERP y CRMManchasoftDise\u00f1o Web &amp; E-CommerceManchasoftDise\u00f1o Web &amp; E-CommerceManchasoftDise\u00f1o Web &amp; E-Commerce<\/p>\n","protected":false},"author":1,"featured_media":639,"parent":0,"menu_order":0,"comment_status":"closed","ping_status":"closed","template":"","meta":{"footnotes":""},"class_list":["post-132","page","type-page","status-publish","has-post-thumbnail","hentry"],"yoast_head":"<!-- This site is optimized with the Yoast SEO plugin v27.5 - https:\/\/yoast.com\/product\/yoast-seo-wordpress\/ -->\n<title>Proyectos - Tecnol\u00f3gikos - web 2.0 e-commerce ERP<\/title>\n<meta name=\"description\" content=\"Nuestros Proyectos. Descubre algunos de los trabajos que hemos realizado, destacando nuestra experiencia, calidad y compromiso en cada ...\" \/>\n<meta name=\"robots\" content=\"index, follow, max-snippet:-1, max-image-preview:large, max-video-preview:-1\" \/>\n<link rel=\"canonical\" href=\"https:\/\/tecnologikos.es\/web\/proyectos\/\" \/>\n<meta property=\"og:locale\" content=\"es_ES\" \/>\n<meta property=\"og:type\" content=\"article\" \/>\n<meta property=\"og:title\" content=\"Proyectos - Tecnol\u00f3gikos - web 2.0 e-commerce ERP\" \/>\n<meta property=\"og:description\" content=\"Nuestros Proyectos. Descubre algunos de los trabajos que hemos realizado, destacando nuestra experiencia, calidad y compromiso en cada ...\" \/>\n<meta property=\"og:url\" content=\"https:\/\/tecnologikos.es\/web\/proyectos\/\" \/>\n<meta property=\"og:site_name\" content=\"Tecnol\u00f3gikos - web 2.0 e-commerce ERP\" \/>\n<meta property=\"article:modified_time\" content=\"2025-05-13T09:57:24+00:00\" \/>\n<meta property=\"og:image\" content=\"https:\/\/tecnologikos.es\/web\/wp-content\/uploads\/2025\/02\/tecnoligias-img-2.jpg\" \/>\n\t<meta property=\"og:image:width\" content=\"1500\" \/>\n\t<meta property=\"og:image:height\" content=\"1000\" \/>\n\t<meta property=\"og:image:type\" content=\"image\/jpeg\" \/>\n<meta name=\"twitter:card\" content=\"summary_large_image\" \/>\n<meta name=\"twitter:label1\" content=\"Tiempo de lectura\" \/>\n\t<meta name=\"twitter:data1\" content=\"2 minutos\" \/>\n<script type=\"application\/ld+json\" class=\"yoast-schema-graph\">{\"@context\":\"https:\\\/\\\/schema.org\",\"@graph\":[{\"@type\":\"WebPage\",\"@id\":\"https:\\\/\\\/tecnologikos.es\\\/web\\\/proyectos\\\/\",\"url\":\"https:\\\/\\\/tecnologikos.es\\\/web\\\/proyectos\\\/\",\"name\":\"Proyectos - Tecnol\u00f3gikos - web 2.0 e-commerce ERP\",\"isPartOf\":{\"@id\":\"https:\\\/\\\/tecnologikos.es\\\/web\\\/#website\"},\"primaryImageOfPage\":{\"@id\":\"https:\\\/\\\/tecnologikos.es\\\/web\\\/proyectos\\\/#primaryimage\"},\"image\":{\"@id\":\"https:\\\/\\\/tecnologikos.es\\\/web\\\/proyectos\\\/#primaryimage\"},\"thumbnailUrl\":\"https:\\\/\\\/tecnologikos.es\\\/web\\\/wp-content\\\/uploads\\\/2025\\\/02\\\/tecnoligias-img-2.jpg\",\"datePublished\":\"2025-01-28T16:49:44+00:00\",\"dateModified\":\"2025-05-13T09:57:24+00:00\",\"description\":\"Nuestros Proyectos. Descubre algunos de los trabajos que hemos realizado, destacando nuestra experiencia, calidad y compromiso en cada ...\",\"breadcrumb\":{\"@id\":\"https:\\\/\\\/tecnologikos.es\\\/web\\\/proyectos\\\/#breadcrumb\"},\"inLanguage\":\"es\",\"potentialAction\":[{\"@type\":\"ReadAction\",\"target\":[\"https:\\\/\\\/tecnologikos.es\\\/web\\\/proyectos\\\/\"]}]},{\"@type\":\"ImageObject\",\"inLanguage\":\"es\",\"@id\":\"https:\\\/\\\/tecnologikos.es\\\/web\\\/proyectos\\\/#primaryimage\",\"url\":\"https:\\\/\\\/tecnologikos.es\\\/web\\\/wp-content\\\/uploads\\\/2025\\\/02\\\/tecnoligias-img-2.jpg\",\"contentUrl\":\"https:\\\/\\\/tecnologikos.es\\\/web\\\/wp-content\\\/uploads\\\/2025\\\/02\\\/tecnoligias-img-2.jpg\",\"width\":1500,\"height\":1000},{\"@type\":\"BreadcrumbList\",\"@id\":\"https:\\\/\\\/tecnologikos.es\\\/web\\\/proyectos\\\/#breadcrumb\",\"itemListElement\":[{\"@type\":\"ListItem\",\"position\":1,\"name\":\"Portada\",\"item\":\"https:\\\/\\\/tecnologikos.es\\\/web\\\/\"},{\"@type\":\"ListItem\",\"position\":2,\"name\":\"Proyectos\"}]},{\"@type\":\"WebSite\",\"@id\":\"https:\\\/\\\/tecnologikos.es\\\/web\\\/#website\",\"url\":\"https:\\\/\\\/tecnologikos.es\\\/web\\\/\",\"name\":\"Tecnol\u00f3gikos\",\"description\":\"...avanza con nosotros\",\"publisher\":{\"@id\":\"https:\\\/\\\/tecnologikos.es\\\/web\\\/#organization\"},\"potentialAction\":[{\"@type\":\"SearchAction\",\"target\":{\"@type\":\"EntryPoint\",\"urlTemplate\":\"https:\\\/\\\/tecnologikos.es\\\/web\\\/?s={search_term_string}\"},\"query-input\":{\"@type\":\"PropertyValueSpecification\",\"valueRequired\":true,\"valueName\":\"search_term_string\"}}],\"inLanguage\":\"es\"},{\"@type\":\"Organization\",\"@id\":\"https:\\\/\\\/tecnologikos.es\\\/web\\\/#organization\",\"name\":\"Tecnol\u00f3gikos\",\"url\":\"https:\\\/\\\/tecnologikos.es\\\/web\\\/\",\"logo\":{\"@type\":\"ImageObject\",\"inLanguage\":\"es\",\"@id\":\"https:\\\/\\\/tecnologikos.es\\\/web\\\/#\\\/schema\\\/logo\\\/image\\\/\",\"url\":\"https:\\\/\\\/tecnologikos.es\\\/web\\\/wp-content\\\/uploads\\\/2025\\\/01\\\/logodegradado-500px.png\",\"contentUrl\":\"https:\\\/\\\/tecnologikos.es\\\/web\\\/wp-content\\\/uploads\\\/2025\\\/01\\\/logodegradado-500px.png\",\"width\":470,\"height\":150,\"caption\":\"Tecnol\u00f3gikos\"},\"image\":{\"@id\":\"https:\\\/\\\/tecnologikos.es\\\/web\\\/#\\\/schema\\\/logo\\\/image\\\/\"}}]}<\/script>\n<!-- \/ Yoast SEO plugin. -->","yoast_head_json":{"title":"Proyectos - Tecnol\u00f3gikos - web 2.0 e-commerce ERP","description":"Nuestros Proyectos. Descubre algunos de los trabajos que hemos realizado, destacando nuestra experiencia, calidad y compromiso en cada ...","robots":{"index":"index","follow":"follow","max-snippet":"max-snippet:-1","max-image-preview":"max-image-preview:large","max-video-preview":"max-video-preview:-1"},"canonical":"https:\/\/tecnologikos.es\/web\/proyectos\/","og_locale":"es_ES","og_type":"article","og_title":"Proyectos - Tecnol\u00f3gikos - web 2.0 e-commerce ERP","og_description":"Nuestros Proyectos. Descubre algunos de los trabajos que hemos realizado, destacando nuestra experiencia, calidad y compromiso en cada ...","og_url":"https:\/\/tecnologikos.es\/web\/proyectos\/","og_site_name":"Tecnol\u00f3gikos - web 2.0 e-commerce ERP","article_modified_time":"2025-05-13T09:57:24+00:00","og_image":[{"width":1500,"height":1000,"url":"https:\/\/tecnologikos.es\/web\/wp-content\/uploads\/2025\/02\/tecnoligias-img-2.jpg","type":"image\/jpeg"}],"twitter_card":"summary_large_image","twitter_misc":{"Tiempo de lectura":"2 minutos"},"schema":{"@context":"https:\/\/schema.org","@graph":[{"@type":"WebPage","@id":"https:\/\/tecnologikos.es\/web\/proyectos\/","url":"https:\/\/tecnologikos.es\/web\/proyectos\/","name":"Proyectos - Tecnol\u00f3gikos - web 2.0 e-commerce ERP","isPartOf":{"@id":"https:\/\/tecnologikos.es\/web\/#website"},"primaryImageOfPage":{"@id":"https:\/\/tecnologikos.es\/web\/proyectos\/#primaryimage"},"image":{"@id":"https:\/\/tecnologikos.es\/web\/proyectos\/#primaryimage"},"thumbnailUrl":"https:\/\/tecnologikos.es\/web\/wp-content\/uploads\/2025\/02\/tecnoligias-img-2.jpg","datePublished":"2025-01-28T16:49:44+00:00","dateModified":"2025-05-13T09:57:24+00:00","description":"Nuestros Proyectos. Descubre algunos de los trabajos que hemos realizado, destacando nuestra experiencia, calidad y compromiso en cada ...","breadcrumb":{"@id":"https:\/\/tecnologikos.es\/web\/proyectos\/#breadcrumb"},"inLanguage":"es","potentialAction":[{"@type":"ReadAction","target":["https:\/\/tecnologikos.es\/web\/proyectos\/"]}]},{"@type":"ImageObject","inLanguage":"es","@id":"https:\/\/tecnologikos.es\/web\/proyectos\/#primaryimage","url":"https:\/\/tecnologikos.es\/web\/wp-content\/uploads\/2025\/02\/tecnoligias-img-2.jpg","contentUrl":"https:\/\/tecnologikos.es\/web\/wp-content\/uploads\/2025\/02\/tecnoligias-img-2.jpg","width":1500,"height":1000},{"@type":"BreadcrumbList","@id":"https:\/\/tecnologikos.es\/web\/proyectos\/#breadcrumb","itemListElement":[{"@type":"ListItem","position":1,"name":"Portada","item":"https:\/\/tecnologikos.es\/web\/"},{"@type":"ListItem","position":2,"name":"Proyectos"}]},{"@type":"WebSite","@id":"https:\/\/tecnologikos.es\/web\/#website","url":"https:\/\/tecnologikos.es\/web\/","name":"Tecnol\u00f3gikos","description":"...avanza con nosotros","publisher":{"@id":"https:\/\/tecnologikos.es\/web\/#organization"},"potentialAction":[{"@type":"SearchAction","target":{"@type":"EntryPoint","urlTemplate":"https:\/\/tecnologikos.es\/web\/?s={search_term_string}"},"query-input":{"@type":"PropertyValueSpecification","valueRequired":true,"valueName":"search_term_string"}}],"inLanguage":"es"},{"@type":"Organization","@id":"https:\/\/tecnologikos.es\/web\/#organization","name":"Tecnol\u00f3gikos","url":"https:\/\/tecnologikos.es\/web\/","logo":{"@type":"ImageObject","inLanguage":"es","@id":"https:\/\/tecnologikos.es\/web\/#\/schema\/logo\/image\/","url":"https:\/\/tecnologikos.es\/web\/wp-content\/uploads\/2025\/01\/logodegradado-500px.png","contentUrl":"https:\/\/tecnologikos.es\/web\/wp-content\/uploads\/2025\/01\/logodegradado-500px.png","width":470,"height":150,"caption":"Tecnol\u00f3gikos"},"image":{"@id":"https:\/\/tecnologikos.es\/web\/#\/schema\/logo\/image\/"}}]}},"_links":{"self":[{"href":"https:\/\/tecnologikos.es\/web\/wp-json\/wp\/v2\/pages\/132","targetHints":{"allow":["GET"]}}],"collection":[{"href":"https:\/\/tecnologikos.es\/web\/wp-json\/wp\/v2\/pages"}],"about":[{"href":"https:\/\/tecnologikos.es\/web\/wp-json\/wp\/v2\/types\/page"}],"author":[{"embeddable":true,"href":"https:\/\/tecnologikos.es\/web\/wp-json\/wp\/v2\/users\/1"}],"replies":[{"embeddable":true,"href":"https:\/\/tecnologikos.es\/web\/wp-json\/wp\/v2\/comments?post=132"}],"version-history":[{"count":18,"href":"https:\/\/tecnologikos.es\/web\/wp-json\/wp\/v2\/pages\/132\/revisions"}],"predecessor-version":[{"id":1544,"href":"https:\/\/tecnologikos.es\/web\/wp-json\/wp\/v2\/pages\/132\/revisions\/1544"}],"wp:featuredmedia":[{"embeddable":true,"href":"https:\/\/tecnologikos.es\/web\/wp-json\/wp\/v2\/media\/639"}],"wp:attachment":[{"href":"https:\/\/tecnologikos.es\/web\/wp-json\/wp\/v2\/media?parent=132"}],"curies":[{"name":"wp","href":"https:\/\/api.w.org\/{rel}","templated":true}]}}