{"id":45,"date":"2025-01-21T15:44:43","date_gmt":"2025-01-21T15:44:43","guid":{"rendered":"https:\/\/tecnologikos.es\/web\/?page_id=45"},"modified":"2025-04-09T16:03:08","modified_gmt":"2025-04-09T16:03:08","slug":"aviso-legal","status":"publish","type":"page","link":"https:\/\/tecnologikos.es\/web\/aviso-legal\/","title":{"rendered":"Aviso Legal"},"content":{"rendered":"\t\t<div data-elementor-type=\"wp-page\" data-elementor-id=\"45\" class=\"elementor elementor-45\" data-elementor-post-type=\"page\">\n\t\t\t\t<div class=\"elementor-element elementor-element-c5630aa e-con-full e-flex e-con e-parent\" data-id=\"c5630aa\" data-element_type=\"container\" data-e-type=\"container\" data-settings=\"{&quot;background_background&quot;:&quot;classic&quot;,&quot;shape_divider_bottom&quot;:&quot;wave-brush&quot;}\">\n\t\t\t\t<div class=\"elementor-shape elementor-shape-bottom\" aria-hidden=\"true\" data-negative=\"false\">\n\t\t\t<svg xmlns=\"http:\/\/www.w3.org\/2000\/svg\" viewBox=\"0 0 283.5 27.8\" preserveAspectRatio=\"none\">\n\t<path class=\"elementor-shape-fill\" d=\"M283.5,9.7c0,0-7.3,4.3-14,4.6c-6.8,0.3-12.6,0-20.9-1.5c-11.3-2-33.1-10.1-44.7-5.7\ts-12.1,4.6-18,7.4c-6.6,3.2-20,9.6-36.6,9.3C131.6,23.5,99.5,7.2,86.3,8c-1.4,0.1-6.6,0.8-10.5,2c-3.8,1.2-9.4,3.8-17,4.7\tc-3.2,0.4-8.3,1.1-14.2,0.9c-1.5-0.1-6.3-0.4-12-1.6c-5.7-1.2-11-3.1-15.8-3.7C6.5,9.2,0,10.8,0,10.8V0h283.5V9.7z M260.8,11.3\tc-0.7-1-2-0.4-4.3-0.4c-2.3,0-6.1-1.2-5.8-1.1c0.3,0.1,3.1,1.5,6,1.9C259.7,12.2,261.4,12.3,260.8,11.3z M242.4,8.6\tc0,0-2.4-0.2-5.6-0.9c-3.2-0.8-10.3-2.8-15.1-3.5c-8.2-1.1-15.8,0-15.1,0.1c0.8,0.1,9.6-0.6,17.6,1.1c3.3,0.7,9.3,2.2,12.4,2.7\tC239.9,8.7,242.4,8.6,242.4,8.6z M185.2,8.5c1.7-0.7-13.3,4.7-18.5,6.1c-2.1,0.6-6.2,1.6-10,2c-3.9,0.4-8.9,0.4-8.8,0.5\tc0,0.2,5.8,0.8,11.2,0c5.4-0.8,5.2-1.1,7.6-1.6C170.5,14.7,183.5,9.2,185.2,8.5z M199.1,6.9c0.2,0-0.8-0.4-4.8,1.1\tc-4,1.5-6.7,3.5-6.9,3.7c-0.2,0.1,3.5-1.8,6.6-3C197,7.5,199,6.9,199.1,6.9z M283,6c-0.1,0.1-1.9,1.1-4.8,2.5s-6.9,2.8-6.7,2.7\tc0.2,0,3.5-0.6,7.4-2.5C282.8,6.8,283.1,5.9,283,6z M31.3,11.6c0.1-0.2-1.9-0.2-4.5-1.2s-5.4-1.6-7.8-2C15,7.6,7.3,8.5,7.7,8.6\tC8,8.7,15.9,8.3,20.2,9.3c2.2,0.5,2.4,0.5,5.7,1.6S31.2,11.9,31.3,11.6z M73,9.2c0.4-0.1,3.5-1.6,8.4-2.6c4.9-1.1,8.9-0.5,8.9-0.8\tc0-0.3-1-0.9-6.2-0.3S72.6,9.3,73,9.2z M71.6,6.7C71.8,6.8,75,5.4,77.3,5c2.3-0.3,1.9-0.5,1.9-0.6c0-0.1-1.1-0.2-2.7,0.2\tC74.8,5.1,71.4,6.6,71.6,6.7z M93.6,4.4c0.1,0.2,3.5,0.8,5.6,1.8c2.1,1,1.8,0.6,1.9,0.5c0.1-0.1-0.8-0.8-2.4-1.3\tC97.1,4.8,93.5,4.2,93.6,4.4z M65.4,11.1c-0.1,0.3,0.3,0.5,1.9-0.2s2.6-1.3,2.2-1.2s-0.9,0.4-2.5,0.8C65.3,10.9,65.5,10.8,65.4,11.1\tz M34.5,12.4c-0.2,0,2.1,0.8,3.3,0.9c1.2,0.1,2,0.1,2-0.2c0-0.3-0.1-0.5-1.6-0.4C36.6,12.8,34.7,12.4,34.5,12.4z M152.2,21.1\tc-0.1,0.1-2.4-0.3-7.5-0.3c-5,0-13.6-2.4-17.2-3.5c-3.6-1.1,10,3.9,16.5,4.1C150.5,21.6,152.3,21,152.2,21.1z\"\/>\n\t<path class=\"elementor-shape-fill\" d=\"M269.6,18c-0.1-0.1-4.6,0.3-7.2,0c-7.3-0.7-17-3.2-16.6-2.9c0.4,0.3,13.7,3.1,17,3.3\tC267.7,18.8,269.7,18,269.6,18z\"\/>\n\t<path class=\"elementor-shape-fill\" d=\"M227.4,9.8c-0.2-0.1-4.5-1-9.5-1.2c-5-0.2-12.7,0.6-12.3,0.5c0.3-0.1,5.9-1.8,13.3-1.2\tS227.6,9.9,227.4,9.8z\"\/>\n\t<path class=\"elementor-shape-fill\" d=\"M204.5,13.4c-0.1-0.1,2-1,3.2-1.1c1.2-0.1,2,0,2,0.3c0,0.3-0.1,0.5-1.6,0.4\tC206.4,12.9,204.6,13.5,204.5,13.4z\"\/>\n\t<path class=\"elementor-shape-fill\" d=\"M201,10.6c0-0.1-4.4,1.2-6.3,2.2c-1.9,0.9-6.2,3.1-6.1,3.1c0.1,0.1,4.2-1.6,6.3-2.6\tS201,10.7,201,10.6z\"\/>\n\t<path class=\"elementor-shape-fill\" d=\"M154.5,26.7c-0.1-0.1-4.6,0.3-7.2,0c-7.3-0.7-17-3.2-16.6-2.9c0.4,0.3,13.7,3.1,17,3.3\tC152.6,27.5,154.6,26.8,154.5,26.7z\"\/>\n\t<path class=\"elementor-shape-fill\" d=\"M41.9,19.3c0,0,1.2-0.3,2.9-0.1c1.7,0.2,5.8,0.9,8.2,0.7c4.2-0.4,7.4-2.7,7-2.6\tc-0.4,0-4.3,2.2-8.6,1.9c-1.8-0.1-5.1-0.5-6.7-0.4S41.9,19.3,41.9,19.3z\"\/>\n\t<path class=\"elementor-shape-fill\" d=\"M75.5,12.6c0.2,0.1,2-0.8,4.3-1.1c2.3-0.2,2.1-0.3,2.1-0.5c0-0.1-1.8-0.4-3.4,0\tC76.9,11.5,75.3,12.5,75.5,12.6z\"\/>\n\t<path class=\"elementor-shape-fill\" d=\"M15.6,13.2c0-0.1,4.3,0,6.7,0.5c2.4,0.5,5,1.9,5,2c0,0.1-2.7-0.8-5.1-1.4\tC19.9,13.7,15.7,13.3,15.6,13.2z\"\/>\n<\/svg>\t\t<\/div>\n\t\t<div class=\"elementor-element elementor-element-5d71664 e-con-full animated-slow e-flex elementor-invisible e-con e-child\" data-id=\"5d71664\" data-element_type=\"container\" data-e-type=\"container\" data-settings=\"{&quot;background_background&quot;:&quot;classic&quot;,&quot;animation&quot;:&quot;slideInDown&quot;,&quot;animation_delay&quot;:1000}\">\n\t\t\t\t<div class=\"elementor-element elementor-element-002aab3 elementor-widget elementor-widget-heading\" data-id=\"002aab3\" data-element_type=\"widget\" data-e-type=\"widget\" data-widget_type=\"heading.default\">\n\t\t\t\t<div class=\"elementor-widget-container\">\n\t\t\t\t\t<h2 class=\"elementor-heading-title elementor-size-default\">Aviso Legal<\/h2>\t\t\t\t<\/div>\n\t\t\t\t<\/div>\n\t\t\t\t<\/div>\n\t\t\t\t<\/div>\n\t\t<div class=\"elementor-element elementor-element-4f5ab85 e-con-full e-flex e-con e-parent\" data-id=\"4f5ab85\" data-element_type=\"container\" data-e-type=\"container\">\n\t\t\t\t<div class=\"elementor-element elementor-element-365c2f9 elementor-widget elementor-widget-text-editor\" data-id=\"365c2f9\" data-element_type=\"widget\" data-e-type=\"widget\" data-widget_type=\"text-editor.default\">\n\t\t\t\t<div class=\"elementor-widget-container\">\n\t\t\t\t\t\t\t\t\t<p>https:\/\/tecnologikos.es\/ es un dominio en Internet, que contiene un portal o p\u00e1gina web, cuya titularidad es de <strong>Javier Lucas-Torres Marcos-Alberca<\/strong> (NIF-06245946C), con domicilio corporativo en Calle Isaac Peral, 22 &#8211; 2\u00baB &#8211; 13610 &#8211; Campo de Criptana, y direcci\u00f3n general de correo electr\u00f3nico info@tecnologikos.es<\/p><p>La p\u00e1gina web de <strong>Javier Lucas-Torres Marcos-Alberca<\/strong>, tiene por objeto facilitar al ciudadano y a sus clientes informaci\u00f3n relativa a sus actividades corporativas y a los servicios que ofrece, as\u00ed como proporcionar servicios a distancia a sus clientes para permitirles ahorrar tiempo en desplazamientos y gestiones telef\u00f3nicas con las distintas \u00e1reas de <strong>Javier Lucas-Torres Marcos-Alberca<\/strong><strong>.<\/strong><\/p><p>Con esta p\u00e1gina web, <strong>Javier Lucas-Torres Marcos-Alberca<\/strong><strong>.<\/strong> pretende prestar un servicio \u00fatil, por lo que las sugerencias de los usuarios son bienvenidas. Pero si no est\u00e1 de acuerdo con alguna de las condiciones contenidas en este aviso, deber\u00e1 dejar de utilizar la p\u00e1gina web de <strong>Javier Lucas-Torres Marcos-Alberca<\/strong><strong>.<\/strong><\/p><p>El acceso a la misma implica la aceptaci\u00f3n de las mismas sin reservas. La utilizaci\u00f3n de determinados servicios ofrecidos en este sitio se regir\u00e1, adem\u00e1s, por las condiciones particulares previstas en cada caso, las cuales se entender\u00e1n aceptadas por el mero uso de tales servicios.<\/p><p>Condiciones de utilizaci\u00f3n del portal<\/p><p>Las condiciones establecidas a continuaci\u00f3n regulan el uso permitido de la p\u00e1gina web https:\/\/tecnoligikos.es<\/p><ol><li>Acceso. Hay determinadas partes de la p\u00e1gina web cuyo acceso est\u00e1 reservado a los clientes, mediante un identificador de usuario y una contrase\u00f1a. Los usuarios no clientes pueden visitar las secciones p\u00fablicas del portal, no debiendo intentar nunca el acceso a las secciones de acceso restringido, salvo que le haya sido autorizado mediante la asignaci\u00f3n de un identificador de usuario y una contrase\u00f1a.<\/li><li>Modificaciones de la p\u00e1gina e interrupciones o errores en el acceso. <strong>Javier Lucas-Torres Marcos-Alberca<\/strong><strong>. <\/strong>\u00a0se reserva la facultad de efectuar, en cualquier momento y sin necesidad de previo aviso, modificaciones y actualizaciones de la informaci\u00f3n contenida en la p\u00e1gina web, de la configuraci\u00f3n y presentaci\u00f3n de \u00e9sta y de las condiciones de acceso.<\/li><\/ol><p><strong><br \/>Javier Lucas-Torres Marcos-Alberca.<\/strong> no es responsable de los fallos que se produzcan en las comunicaciones, no garantizando la disponibilidad y continuidad del funcionamiento del portal y de los servicios, por ello <strong>Javier Lucas-Torres Marcos-Alberca<\/strong><strong>.<\/strong> no garantiza la inexistencia de interrupciones o errores en el acceso a la p\u00e1gina web o a su contenido. <strong>Javier Lucas-Torres Marcos-Alberca<\/strong><strong>.<\/strong>\u00a0llevar\u00e1 a cabo, siempre que no concurran causas que lo hagan imposible o de dif\u00edcil ejecuci\u00f3n, y tan pronto tenga noticia de los errores, desconexiones o falta de actualizaci\u00f3n en los contenidos, todas aquellas labores tendentes a subsanar los errores, restablecer la comunicaci\u00f3n y actualizar los contenidos.<\/p><ol><li>Propiedad intelectual. Salvo indicaci\u00f3n expresa, el contenido de la p\u00e1gina web, im\u00e1genes, textos y datos, son propiedad de <strong>Javier Lucas-Torres Marcos-Alberca<\/strong><strong>.<\/strong> Asimismo, es propiedad de <strong>Javier Lucas-Torres Marcos-Alberca<\/strong><strong>.<\/strong> su c\u00f3digo fuente, dise\u00f1o y estructura de navegaci\u00f3n. Corresponde a <strong>Javier Lucas-Torres Marcos-Alberca<\/strong><strong>.<\/strong>\u00a0el ejercicio exclusivo de los derechos de explotaci\u00f3n de los mismos en cualquier forma, y en especial los derechos de reproducci\u00f3n, distribuci\u00f3n, comunicaci\u00f3n p\u00fablica y transformaci\u00f3n. Todo este material est\u00e1 protegido por la legislaci\u00f3n de la propiedad intelectual y su uso indebido puede ser objeto de sanciones, incluso penales.<\/li><\/ol><p><br \/>La consulta o descarga de contenidos de la p\u00e1gina o de cualquier software no implicar\u00e1 la cesi\u00f3n de ning\u00fan derecho de propiedad intelectual o industrial sobre los mismos.<\/p><p>Se autoriza la visualizaci\u00f3n, impresi\u00f3n y descarga parcial del contenido de la p\u00e1gina web s\u00f3lo y exclusivamente si concurren las siguientes condiciones:<\/p><ul><li>Que sea compatible con los fines de la p\u00e1gina web.<\/li><li>Que no se realice con fines comerciales o para su distribuci\u00f3n, comunicaci\u00f3n p\u00fablica o transformaci\u00f3n.<\/li><li>Que ninguno de los contenidos de la p\u00e1gina web sea modificado.<\/li><li>Que ning\u00fan gr\u00e1fico, icono o imagen disponible en la web sea utilizado, copiado o distribuido separadamente del texto o del resto de im\u00e1genes que lo acompa\u00f1an.<\/li><li>Que se cite la fuente.<\/li><\/ul><p><br \/>Toda la informaci\u00f3n que se reciba en estas p\u00e1ginas, tal como comentarios, sugerencias o ideas, se considerar\u00e1 cedida a t\u00edtulo gratuito. No env\u00ede informaci\u00f3n que no pueda ser tratada de esta forma.<\/p><ol><li>Seguridad. <strong>Javier Lucas-Torres Marcos-Alberca<\/strong>, consciente de los riesgos derivados de enfrentarse a los nuevos retos que supone extender sus servicios a trav\u00e9s de Internet, ha dispuesto de exigentes medidas de seguridad para reducir dichos riesgos.<\/li><\/ol><p><br \/>No obstante, <strong>Javier Lucas-Torres Marcos-Alberca<\/strong>\u00a0no puede garantizar la invulnerabilidad absoluta de sus sistemas de seguridad, por lo que excluye cualquier tipo de responsabilidad por da\u00f1os y perjuicios de toda naturaleza que puedan deberse a la presencia de virus u otros elementos que puedan producir alteraciones en el sistema inform\u00e1tico (software y hardware), documentos electr\u00f3nicos y ficheros del usuario o de cualquier tercero, incluyendo los que se produzcan en los servicios prestados por terceros a trav\u00e9s de este portal.<\/p><p>Los usuarios quedan informados de que la utilizaci\u00f3n de los sistemas electr\u00f3nicos de transmisi\u00f3n de datos y el correo electr\u00f3nico no ofrecen garant\u00edas absolutas de seguridad. El usuario y <strong>Javier Lucas-Torres Marcos-Alberca<\/strong>\u00a0se exoneran mutuamente de cualquier responsabilidad derivada de hechos como la no recepci\u00f3n o la demora de la misma, el error o intercepci\u00f3n de las comunicaciones.<\/p><ol><li>Contenidos y p\u00e1ginas enlazadas. La informaci\u00f3n contenida en esta web, tiene dicho car\u00e1cter meramente informativo; y, en ning\u00fan caso, constituye asesoramiento jur\u00eddico. La pol\u00edtica de <strong>Javier Lucas-Torres Marcos-Alberca<\/strong>\u00a0es tratar de que los contenidos est\u00e9n siempre actualizados, pero puede suceder que no lo est\u00e9n, especialmente los de car\u00e1cter normativo.<\/li><\/ol><p><br \/>La funci\u00f3n de los links, o enlaces, que aparecen en esta p\u00e1gina es exclusivamente la de informar al usuario sobre la existencia de otras fuentes de informaci\u00f3n sobre la materia en Internet, donde podr\u00e1 ampliar o completar los datos ofrecidos en esta p\u00e1gina. La <strong>Javier Lucas-Torres Marcos-Alberca<\/strong>\u00a0no ser\u00e1 responsable del resultado obtenido a trav\u00e9s de dichos enlaces.<\/p><p>En todo caso <strong>Javier Lucas-Torres Marcos-Alberca<\/strong>\u00a0no asume responsabilidad alguna derivada de los contenidos enlazados desde la su p\u00e1gina web, ni garantiza la ausencia de virus u otros elementos en los mismos que puedan producir alteraciones en el sistema inform\u00e1tico (hardware y software), en los documentos o los ficheros del usuario, excluyendo cualquier responsabilidad por los da\u00f1os de cualquier clase causados al usuario por este motivo.<\/p><p>Aunque los enlaces son supervisados regularmente para que no suceda, en el caso de que cualquier usuario o un tercero, considerara que el contenido o los servicios prestados por las p\u00e1ginas enlazadas son il\u00edcitos, vulneran valores o principios constitucionales, o lesionan bienes o derechos del propio usuario o de un tercero se ruega que se comunique inmediatamente dicha circunstancia a:<\/p><ul><li>Javier Lucas-Torres Marcos-Alberca<\/li><li>Calle Isaac Peral, 22 &#8211; 2\u00ba B \u2013 13610 &#8211; Campo de Criptana<\/li><li>Direcci\u00f3n de correo electr\u00f3nico <a href=\"mailto:info@tecnologikos.es\">info@tecnologikos.es<\/a><\/li><\/ul><p><br \/>Actividades o contenidos susceptibles de ser considerados delictivos conforme la normativa penal espa\u00f1ola.<\/p><ul><li>Actividades o contenidos que violen derechos de propiedad intelectual o industrial. Actividades o contenidos que pongan en peligro el orden p\u00fablico, la investigaci\u00f3n penal, la seguridad p\u00fablica y la defensa nacional.<\/li><li>Actividades o contenidos que pongan en peligro la protecci\u00f3n de la salud p\u00fablica, el respeto a la dignidad de la persona, al principio de no discriminaci\u00f3n, la protecci\u00f3n de la salud y la infancia o cualquier otro valor o principio constitucional.<\/li><\/ul><ol><li>Protecci\u00f3n de datos personales. Los datos personales vinculados a esta web respetan las exigencias de la legislaci\u00f3n vigente en materia de protecci\u00f3n de datos personales.<\/li><\/ol><p><strong><br \/><\/strong><strong>Javier Lucas-Torres Marcos-Alberca<\/strong>tratar\u00e1 los datos de car\u00e1cter personal que se recojan a trav\u00e9s de esta web cumpliendo con la normativa vigente sobre protecci\u00f3n de datos.<\/p><ul><li>La inclusi\u00f3n en ficheros es absolutamente voluntaria y ser\u00e1 debidamente anunciada.<\/li><li>Los ficheros a los que se incorporen datos personales est\u00e1n dados de alta en las Agencias de Protecci\u00f3n de Datos competentes, y protegidos por las medidas de seguridad exigidas por la legislaci\u00f3n.<\/li><li>Los datos s\u00f3lo ser\u00e1n utilizados para la finalidad para la que se hayan recogido.<\/li><li>Todas las personas que se incorporen al fichero creado podr\u00e1n ejercer los derechos de acceso, rectificaci\u00f3n, cancelaci\u00f3n y oposici\u00f3n en la forma prevista por la normativa vigente de protecci\u00f3n de datos.<\/li><\/ul><p><br \/>Salvo indicaci\u00f3n en diferente sentido, el responsable del tratamiento ser\u00e1 <strong>Javier Lucas-Torres Marcos-Alberca<\/strong>\u00a0pudiendo el usuario dirigirse a \u00e9ste, Calle Armas, 9 &#8211; 45001 &#8211; Toledo, para ejercitar los derechos de acceso, rectificaci\u00f3n, oposici\u00f3n y cancelaci\u00f3n.<\/p><ol><li>Enlace de terceros a la web http:\/\/tecnologikos.es. Todo enlace de terceros a la web debe serlo a su p\u00e1gina principal, quedando expresamente prohibidos los \u00ablinks profundos\u00bb, el \u00abframing\u00bb y cualquier otro aprovechamiento de los contenidos de la web a favor de terceros no autorizados.<\/li><li>Responsabilidades: <strong>Javier Lucas-Torres Marcos-Alberca<\/strong><strong>\u00a0<\/strong>no ser\u00e1, en ning\u00fan caso, responsable, por los da\u00f1os y perjuicios de cualquier tipo derivados, directa o indirectamente, de la falta de lectura de este aviso, o del incumplimiento de las obligaciones especificadas en las condiciones establecidas en el mismo. Asimismo, de acuerdo con lo expuesto en estas condiciones, <strong>Javier Lucas-Torres Marcos-Alberca<\/strong>\u00a0excluye cualquier responsabilidad por los da\u00f1os y perjuicios de toda naturaleza que puedan deberse a la transmisi\u00f3n, difusi\u00f3n, almacenamiento, puesta a disposici\u00f3n, recepci\u00f3n, obtenci\u00f3n o acceso a la p\u00e1gina web o sus contenidos.<\/li><\/ol><p><strong><br \/><\/strong><strong>Javier Lucas-Torres Marcos-Alberca<\/strong>, por tanto, no se responsabiliza del uso indebido del portal y de sus contenidos y servicios, ni puede garantizar, aunque sea su \u00e1nimo, la certeza de sus contenidos. Igualmente no garantiza la veracidad de los contenidos publicitarios de cualquier bien, producto o servicio anunciado.<\/p><p>El usuario responder\u00e1 de los da\u00f1os y perjuicios que una actitud negligente suya pudiera ocasionar a este portal.<\/p><ol><li>Fuero jurisdiccional. <strong>Javier Lucas-Torres Marcos-Alberca<\/strong> y el usuario, con renuncia expresa a cualquier otro fuero, se someten para cualquier controversia que pudiera derivarse del acceso o uso de la web al de los Juzgados y Tribunales de Ciudad Real (Espa\u00f1a).<\/li><\/ol>\t\t\t\t\t\t\t\t<\/div>\n\t\t\t\t<\/div>\n\t\t\t\t<\/div>\n\t\t\t\t<\/div>\n\t\t","protected":false},"excerpt":{"rendered":"<p>Aviso Legal https:\/\/tecnologikos.es\/ es un dominio en Internet, que contiene un portal o p\u00e1gina web, cuya titularidad es de Javier Lucas-Torres Marcos-Alberca (NIF-06245946C), con domicilio corporativo en Calle Isaac Peral, 22 &#8211; 2\u00baB &#8211; 13610 &#8211; Campo de Criptana, y direcci\u00f3n general de correo electr\u00f3nico info@tecnologikos.es La p\u00e1gina web de Javier Lucas-Torres Marcos-Alberca, tiene por [&hellip;]<\/p>\n","protected":false},"author":1,"featured_media":0,"parent":0,"menu_order":0,"comment_status":"closed","ping_status":"closed","template":"","meta":{"footnotes":""},"class_list":["post-45","page","type-page","status-publish","hentry"],"yoast_head":"<!-- This site is optimized with the Yoast SEO plugin v27.5 - https:\/\/yoast.com\/product\/yoast-seo-wordpress\/ -->\n<title>Aviso Legal - Tecnol\u00f3gikos - web 2.0 e-commerce ERP<\/title>\n<meta name=\"robots\" content=\"noindex, follow\" \/>\n<meta property=\"og:locale\" content=\"es_ES\" \/>\n<meta property=\"og:type\" content=\"article\" \/>\n<meta property=\"og:title\" content=\"Aviso Legal - Tecnol\u00f3gikos - web 2.0 e-commerce ERP\" \/>\n<meta property=\"og:description\" content=\"Aviso Legal https:\/\/tecnologikos.es\/ es un dominio en Internet, que contiene un portal o p\u00e1gina web, cuya titularidad es de Javier Lucas-Torres Marcos-Alberca (NIF-06245946C), con domicilio corporativo en Calle Isaac Peral, 22 &#8211; 2\u00baB &#8211; 13610 &#8211; Campo de Criptana, y direcci\u00f3n general de correo electr\u00f3nico info@tecnologikos.es La p\u00e1gina web de Javier Lucas-Torres Marcos-Alberca, tiene por [&hellip;]\" \/>\n<meta property=\"og:url\" content=\"https:\/\/tecnologikos.es\/web\/aviso-legal\/\" \/>\n<meta property=\"og:site_name\" content=\"Tecnol\u00f3gikos - web 2.0 e-commerce ERP\" \/>\n<meta property=\"article:modified_time\" content=\"2025-04-09T16:03:08+00:00\" \/>\n<meta name=\"twitter:card\" content=\"summary_large_image\" \/>\n<meta name=\"twitter:label1\" content=\"Tiempo de lectura\" \/>\n\t<meta name=\"twitter:data1\" content=\"8 minutos\" \/>\n<script type=\"application\/ld+json\" class=\"yoast-schema-graph\">{\"@context\":\"https:\\\/\\\/schema.org\",\"@graph\":[{\"@type\":\"WebPage\",\"@id\":\"https:\\\/\\\/tecnologikos.es\\\/web\\\/aviso-legal\\\/\",\"url\":\"https:\\\/\\\/tecnologikos.es\\\/web\\\/aviso-legal\\\/\",\"name\":\"Aviso Legal - Tecnol\u00f3gikos - web 2.0 e-commerce ERP\",\"isPartOf\":{\"@id\":\"https:\\\/\\\/tecnologikos.es\\\/web\\\/#website\"},\"datePublished\":\"2025-01-21T15:44:43+00:00\",\"dateModified\":\"2025-04-09T16:03:08+00:00\",\"breadcrumb\":{\"@id\":\"https:\\\/\\\/tecnologikos.es\\\/web\\\/aviso-legal\\\/#breadcrumb\"},\"inLanguage\":\"es\",\"potentialAction\":[{\"@type\":\"ReadAction\",\"target\":[\"https:\\\/\\\/tecnologikos.es\\\/web\\\/aviso-legal\\\/\"]}]},{\"@type\":\"BreadcrumbList\",\"@id\":\"https:\\\/\\\/tecnologikos.es\\\/web\\\/aviso-legal\\\/#breadcrumb\",\"itemListElement\":[{\"@type\":\"ListItem\",\"position\":1,\"name\":\"Portada\",\"item\":\"https:\\\/\\\/tecnologikos.es\\\/web\\\/\"},{\"@type\":\"ListItem\",\"position\":2,\"name\":\"Aviso Legal\"}]},{\"@type\":\"WebSite\",\"@id\":\"https:\\\/\\\/tecnologikos.es\\\/web\\\/#website\",\"url\":\"https:\\\/\\\/tecnologikos.es\\\/web\\\/\",\"name\":\"Tecnol\u00f3gikos\",\"description\":\"...avanza con nosotros\",\"publisher\":{\"@id\":\"https:\\\/\\\/tecnologikos.es\\\/web\\\/#organization\"},\"potentialAction\":[{\"@type\":\"SearchAction\",\"target\":{\"@type\":\"EntryPoint\",\"urlTemplate\":\"https:\\\/\\\/tecnologikos.es\\\/web\\\/?s={search_term_string}\"},\"query-input\":{\"@type\":\"PropertyValueSpecification\",\"valueRequired\":true,\"valueName\":\"search_term_string\"}}],\"inLanguage\":\"es\"},{\"@type\":\"Organization\",\"@id\":\"https:\\\/\\\/tecnologikos.es\\\/web\\\/#organization\",\"name\":\"Tecnol\u00f3gikos\",\"url\":\"https:\\\/\\\/tecnologikos.es\\\/web\\\/\",\"logo\":{\"@type\":\"ImageObject\",\"inLanguage\":\"es\",\"@id\":\"https:\\\/\\\/tecnologikos.es\\\/web\\\/#\\\/schema\\\/logo\\\/image\\\/\",\"url\":\"https:\\\/\\\/tecnologikos.es\\\/web\\\/wp-content\\\/uploads\\\/2025\\\/01\\\/logodegradado-500px.png\",\"contentUrl\":\"https:\\\/\\\/tecnologikos.es\\\/web\\\/wp-content\\\/uploads\\\/2025\\\/01\\\/logodegradado-500px.png\",\"width\":470,\"height\":150,\"caption\":\"Tecnol\u00f3gikos\"},\"image\":{\"@id\":\"https:\\\/\\\/tecnologikos.es\\\/web\\\/#\\\/schema\\\/logo\\\/image\\\/\"}}]}<\/script>\n<!-- \/ Yoast SEO plugin. -->","yoast_head_json":{"title":"Aviso Legal - Tecnol\u00f3gikos - web 2.0 e-commerce ERP","robots":{"index":"noindex","follow":"follow"},"og_locale":"es_ES","og_type":"article","og_title":"Aviso Legal - Tecnol\u00f3gikos - web 2.0 e-commerce ERP","og_description":"Aviso Legal https:\/\/tecnologikos.es\/ es un dominio en Internet, que contiene un portal o p\u00e1gina web, cuya titularidad es de Javier Lucas-Torres Marcos-Alberca (NIF-06245946C), con domicilio corporativo en Calle Isaac Peral, 22 &#8211; 2\u00baB &#8211; 13610 &#8211; Campo de Criptana, y direcci\u00f3n general de correo electr\u00f3nico info@tecnologikos.es La p\u00e1gina web de Javier Lucas-Torres Marcos-Alberca, tiene por [&hellip;]","og_url":"https:\/\/tecnologikos.es\/web\/aviso-legal\/","og_site_name":"Tecnol\u00f3gikos - web 2.0 e-commerce ERP","article_modified_time":"2025-04-09T16:03:08+00:00","twitter_card":"summary_large_image","twitter_misc":{"Tiempo de lectura":"8 minutos"},"schema":{"@context":"https:\/\/schema.org","@graph":[{"@type":"WebPage","@id":"https:\/\/tecnologikos.es\/web\/aviso-legal\/","url":"https:\/\/tecnologikos.es\/web\/aviso-legal\/","name":"Aviso Legal - Tecnol\u00f3gikos - web 2.0 e-commerce ERP","isPartOf":{"@id":"https:\/\/tecnologikos.es\/web\/#website"},"datePublished":"2025-01-21T15:44:43+00:00","dateModified":"2025-04-09T16:03:08+00:00","breadcrumb":{"@id":"https:\/\/tecnologikos.es\/web\/aviso-legal\/#breadcrumb"},"inLanguage":"es","potentialAction":[{"@type":"ReadAction","target":["https:\/\/tecnologikos.es\/web\/aviso-legal\/"]}]},{"@type":"BreadcrumbList","@id":"https:\/\/tecnologikos.es\/web\/aviso-legal\/#breadcrumb","itemListElement":[{"@type":"ListItem","position":1,"name":"Portada","item":"https:\/\/tecnologikos.es\/web\/"},{"@type":"ListItem","position":2,"name":"Aviso Legal"}]},{"@type":"WebSite","@id":"https:\/\/tecnologikos.es\/web\/#website","url":"https:\/\/tecnologikos.es\/web\/","name":"Tecnol\u00f3gikos","description":"...avanza con nosotros","publisher":{"@id":"https:\/\/tecnologikos.es\/web\/#organization"},"potentialAction":[{"@type":"SearchAction","target":{"@type":"EntryPoint","urlTemplate":"https:\/\/tecnologikos.es\/web\/?s={search_term_string}"},"query-input":{"@type":"PropertyValueSpecification","valueRequired":true,"valueName":"search_term_string"}}],"inLanguage":"es"},{"@type":"Organization","@id":"https:\/\/tecnologikos.es\/web\/#organization","name":"Tecnol\u00f3gikos","url":"https:\/\/tecnologikos.es\/web\/","logo":{"@type":"ImageObject","inLanguage":"es","@id":"https:\/\/tecnologikos.es\/web\/#\/schema\/logo\/image\/","url":"https:\/\/tecnologikos.es\/web\/wp-content\/uploads\/2025\/01\/logodegradado-500px.png","contentUrl":"https:\/\/tecnologikos.es\/web\/wp-content\/uploads\/2025\/01\/logodegradado-500px.png","width":470,"height":150,"caption":"Tecnol\u00f3gikos"},"image":{"@id":"https:\/\/tecnologikos.es\/web\/#\/schema\/logo\/image\/"}}]}},"_links":{"self":[{"href":"https:\/\/tecnologikos.es\/web\/wp-json\/wp\/v2\/pages\/45","targetHints":{"allow":["GET"]}}],"collection":[{"href":"https:\/\/tecnologikos.es\/web\/wp-json\/wp\/v2\/pages"}],"about":[{"href":"https:\/\/tecnologikos.es\/web\/wp-json\/wp\/v2\/types\/page"}],"author":[{"embeddable":true,"href":"https:\/\/tecnologikos.es\/web\/wp-json\/wp\/v2\/users\/1"}],"replies":[{"embeddable":true,"href":"https:\/\/tecnologikos.es\/web\/wp-json\/wp\/v2\/comments?post=45"}],"version-history":[{"count":15,"href":"https:\/\/tecnologikos.es\/web\/wp-json\/wp\/v2\/pages\/45\/revisions"}],"predecessor-version":[{"id":1770,"href":"https:\/\/tecnologikos.es\/web\/wp-json\/wp\/v2\/pages\/45\/revisions\/1770"}],"wp:attachment":[{"href":"https:\/\/tecnologikos.es\/web\/wp-json\/wp\/v2\/media?parent=45"}],"curies":[{"name":"wp","href":"https:\/\/api.w.org\/{rel}","templated":true}]}}